{"id":22,"date":"2025-06-23T13:04:10","date_gmt":"2025-06-23T13:04:10","guid":{"rendered":"https:\/\/spitjam.it\/?page_id=22"},"modified":"2025-07-15T10:07:33","modified_gmt":"2025-07-15T10:07:33","slug":"il-bando","status":"publish","type":"page","link":"https:\/\/spitjam.it\/en\/il-bando\/","title":{"rendered":"The call"},"content":{"rendered":"<div class=\"et_pb_section_0 et_pb_section et_section_regular et_flex_section\">\n<div class=\"et_pb_row_0 et_pb_row et_flex_row\">\n<div class=\"et_pb_column_0 et_pb_column et-last-child et_flex_column et_pb_css_mix_blend_mode_passthrough et_flex_column_24_24 et_flex_column_24_24_tablet et_flex_column_24_24_phone\">\n<div class=\"et_pb_text_0 et_pb_text et_pb_bg_layout_light et_pb_module et_flex_module preset--module--divi-text--default\"><div class=\"et_pb_text_inner\"><h1>The call<\/h1>\n<\/div><\/div>\n<\/div>\n<\/div>\n<\/div>\n\n<div class=\"et_pb_section_1 et_pb_section et_section_regular et_flex_section\">\n<div class=\"et_pb_row_1 et_pb_row et_flex_row\">\n<div class=\"et_pb_column_1 et_pb_column et-last-child et_flex_column et_pb_css_mix_blend_mode_passthrough et_flex_column_24_24 et_flex_column_24_24_tablet et_flex_column_24_24_phone\">\n<div class=\"et_pb_text_1 et_pb_text et_pb_bg_layout_light et_pb_module et_flex_module preset--module--divi-text--default\"><div class=\"et_pb_text_inner\"><p _ngcontent-ng-c4063671643=\"\" class=\"ng-star-inserted\"><span _ngcontent-ng-c4063671643=\"\" class=\"ng-star-inserted\">SpitJam was born to transform. Our goal is to regenerate the external walls of the public restrooms in Valmadrera's market square, currently in a state of decay, and restore beauty and meaning to a central hub of our community.<\/span><\/p>\n<p _ngcontent-ng-c4063671643=\"\" class=\"ng-star-inserted\"><ms-cmark-node _ngcontent-ng-c4063671643=\"\" _nghost-ng-c4063671643=\"\"><span _ngcontent-ng-c4063671643=\"\" class=\"ng-star-inserted\">The theme is<span>\u00a0<\/span><\/span><strong _ngcontent-ng-c4063671643=\"\" class=\"ng-star-inserted\"><ms-cmark-node _ngcontent-ng-c4063671643=\"\" _nghost-ng-c4063671643=\"\"><span _ngcontent-ng-c4063671643=\"\" class=\"ng-star-inserted\">\"Organismi Murali\"<\/span><\/ms-cmark-node><\/strong><span _ngcontent-ng-c4063671643=\"\" class=\"ng-star-inserted\">: un invito a immaginare pareti che parlano, respirano e raccontano storie. \u00c8 la tua occasione per unire arte urbana, cittadinanza attiva e sostenibilit\u00e0, contribuendo a creare un vero polmone urbano: ogni opera sar\u00e0 infatti protetta con una vernice speciale che purifica l'aria.<\/span><\/ms-cmark-node><\/p>\n<p _ngcontent-ng-c4063671643=\"\" class=\"ng-star-inserted\"><ms-cmark-node _ngcontent-ng-c4063671643=\"\" _nghost-ng-c4063671643=\"\"><span _ngcontent-ng-c4063671643=\"\" class=\"ng-star-inserted\">Ready to make your mark? You can find everything you need to apply right here.<\/span><\/ms-cmark-node><\/p>\n<ul _ngcontent-ng-c4063671643=\"\" class=\"ng-star-inserted\"><ms-cmark-node _ngcontent-ng-c4063671643=\"\" _nghost-ng-c4063671643=\"\"><\/p>\n<li _ngcontent-ng-c4063671643=\"\" class=\"ng-star-inserted\"><ms-cmark-node _ngcontent-ng-c4063671643=\"\" _nghost-ng-c4063671643=\"\">\n<p _ngcontent-ng-c4063671643=\"\" class=\"ng-star-inserted\"><ms-cmark-node _ngcontent-ng-c4063671643=\"\" _nghost-ng-c4063671643=\"\"><strong _ngcontent-ng-c4063671643=\"\" class=\"ng-star-inserted\"><ms-cmark-node _ngcontent-ng-c4063671643=\"\" _nghost-ng-c4063671643=\"\"><span _ngcontent-ng-c4063671643=\"\" class=\"ng-star-inserted\">SpitJam Contest Announcement<\/span><\/ms-cmark-node><\/strong><span _ngcontent-ng-c4063671643=\"\" class=\"ng-star-inserted\"><span>\u00a0<\/span>(to discover the project and full regulations)<\/span><\/ms-cmark-node><\/p>\n<p><\/ms-cmark-node><\/li>\n<li _ngcontent-ng-c4063671643=\"\" class=\"ng-star-inserted\"><ms-cmark-node _ngcontent-ng-c4063671643=\"\" _nghost-ng-c4063671643=\"\">\n<p _ngcontent-ng-c4063671643=\"\" class=\"ng-star-inserted\"><ms-cmark-node _ngcontent-ng-c4063671643=\"\" _nghost-ng-c4063671643=\"\"><strong _ngcontent-ng-c4063671643=\"\" class=\"ng-star-inserted\"><ms-cmark-node _ngcontent-ng-c4063671643=\"\" _nghost-ng-c4063671643=\"\"><span _ngcontent-ng-c4063671643=\"\" class=\"ng-star-inserted\">Allegato A - Modulo di partecipazione<\/span><\/ms-cmark-node><\/strong><\/ms-cmark-node><\/p>\n<p><\/ms-cmark-node><\/li>\n<li _ngcontent-ng-c4063671643=\"\" class=\"ng-star-inserted\"><ms-cmark-node _ngcontent-ng-c4063671643=\"\" _nghost-ng-c4063671643=\"\">\n<p _ngcontent-ng-c4063671643=\"\" class=\"ng-star-inserted\"><ms-cmark-node _ngcontent-ng-c4063671643=\"\" _nghost-ng-c4063671643=\"\"><strong _ngcontent-ng-c4063671643=\"\" class=\"ng-star-inserted\"><ms-cmark-node _ngcontent-ng-c4063671643=\"\" _nghost-ng-c4063671643=\"\"><span _ngcontent-ng-c4063671643=\"\" class=\"ng-star-inserted\">Allegato B - Liberatoria per l'utilizzo delle immagini<\/span><\/ms-cmark-node><\/strong><\/ms-cmark-node><\/p>\n<p>&nbsp;<\/p>\n<p><\/ms-cmark-node><\/li>\n<p>&nbsp;<\/p>\n<p><\/ms-cmark-node><\/ul>\n<p _ngcontent-ng-c4063671643=\"\" class=\"ng-star-inserted\"><ms-cmark-node _ngcontent-ng-c4063671643=\"\" _nghost-ng-c4063671643=\"\"><span _ngcontent-ng-c4063671643=\"\" class=\"ng-star-inserted\">Invia la tua candidatura completa all'indirizzo email<span>\u00a0<\/span><\/span><strong _ngcontent-ng-c4063671643=\"\" class=\"ng-star-inserted\"><ms-cmark-node _ngcontent-ng-c4063671643=\"\" _nghost-ng-c4063671643=\"\"><span _ngcontent-ng-c4063671643=\"\" class=\"inline-code ng-star-inserted\"><a href=\"mailto:bando@spitjam.it\">bando@spitjam.it<\/a><\/span><\/ms-cmark-node><\/strong><span _ngcontent-ng-c4063671643=\"\" class=\"ng-star-inserted\"><span>\u00a0<\/span>no later than<span>\u00a0<\/span><\/span><strong _ngcontent-ng-c4063671643=\"\" class=\"ng-star-inserted\"><ms-cmark-node _ngcontent-ng-c4063671643=\"\" _nghost-ng-c4063671643=\"\"><span _ngcontent-ng-c4063671643=\"\" class=\"ng-star-inserted\">July 31, 2025.<\/span><\/ms-cmark-node><\/strong><span _ngcontent-ng-c4063671643=\"\" class=\"ng-star-inserted\">.<\/span><\/ms-cmark-node><\/p>\n<p _ngcontent-ng-c4063671643=\"\" class=\"ng-star-inserted\"><ms-cmark-node _ngcontent-ng-c4063671643=\"\" _nghost-ng-c4063671643=\"\"><span _ngcontent-ng-c4063671643=\"\" class=\"ng-star-inserted\">Together, we can turn gray into creativity.<\/span><\/ms-cmark-node><\/p>\n<\/div><\/div>\n<\/div>\n<\/div>\n\n<div class=\"et_pb_row_2 et_pb_row et_flex_row pulsanti-bando-it\">\n<div class=\"et_pb_column_2 et_pb_column et_flex_column et_pb_css_mix_blend_mode_passthrough et_flex_column_24_24 et_flex_column_24_24_tablet et_flex_column_24_24_phone\">\n<div class=\"et_pb_module et_pb_button_module_wrapper et_pb_button_0_wrapper preset--module--divi-button--default_wrapper\"><a class=\"et_pb_button_0 et_pb_button et_pb_bg_layout_dark et_pb_module et_flex_module preset--module--divi-button--default\" href=\"https:\/\/spitjam.it\/wp-content\/uploads\/2025\/06\/BANDO-CONCORSO_ok_SPITJAM_IT.pdf\" target=\"_blank\" id=\"scarica-bando\">Scarica il Bando<\/a><\/div>\n<\/div>\n\n<div class=\"et_pb_column_3 et_pb_column et_flex_column et_pb_css_mix_blend_mode_passthrough et_flex_column_24_24 et_flex_column_24_24_tablet et_flex_column_24_24_phone\">\n<div class=\"et_pb_module et_pb_button_module_wrapper et_pb_button_1_wrapper preset--module--divi-button--default_wrapper\"><a class=\"et_pb_button_1 et_pb_button et_pb_bg_layout_dark et_pb_module et_flex_module preset--module--divi-button--default\" href=\"https:\/\/spitjam.it\/wp-content\/uploads\/2025\/06\/ALLEGATO-A_SPITJAM_IT.pdf\" target=\"_blank\" id=\"allegato1\">Scarica Modulo<\/a><\/div>\n<\/div>\n\n<div class=\"et_pb_column_4 et_pb_column et-last-child et_flex_column et_pb_css_mix_blend_mode_passthrough et_flex_column_24_24 et_flex_column_24_24_tablet et_flex_column_24_24_phone\">\n<div class=\"et_pb_module et_pb_button_module_wrapper et_pb_button_2_wrapper preset--module--divi-button--default_wrapper\"><a class=\"et_pb_button_2 et_pb_button et_pb_bg_layout_dark et_pb_module et_flex_module preset--module--divi-button--default\" href=\"https:\/\/spitjam.it\/wp-content\/uploads\/2025\/06\/ALLEGATO-B_SPITJAM_IT.pdf\" target=\"_blank\" id=\"allegato2\">Scarica Liberatoria<\/a><\/div>\n<\/div>\n<\/div>\n\n<div class=\"et_pb_row_3 et_pb_row et_flex_row pulsanti-bando-en\">\n<div class=\"et_pb_column_5 et_pb_column et_flex_column et_pb_css_mix_blend_mode_passthrough et_flex_column_24_24 et_flex_column_24_24_tablet et_flex_column_24_24_phone\">\n<div class=\"et_pb_module et_pb_button_module_wrapper et_pb_button_3_wrapper preset--module--divi-button--default_wrapper\"><a class=\"et_pb_button_3 et_pb_button et_pb_bg_layout_dark et_pb_module et_flex_module preset--module--divi-button--default\" href=\"https:\/\/spitjam.it\/wp-content\/uploads\/2025\/06\/CALL-TO-ARTIST_SPITJAM_EN.pdf\" target=\"_blank\">Download Call for Artists<\/a><\/div>\n<\/div>\n\n<div class=\"et_pb_column_6 et_pb_column et_flex_column et_pb_css_mix_blend_mode_passthrough et_flex_column_24_24 et_flex_column_24_24_tablet et_flex_column_24_24_phone\">\n<div class=\"et_pb_module et_pb_button_module_wrapper et_pb_button_4_wrapper preset--module--divi-button--default_wrapper\"><a class=\"et_pb_button_4 et_pb_button et_pb_bg_layout_dark et_pb_module et_flex_module preset--module--divi-button--default\" href=\"https:\/\/spitjam.it\/wp-content\/uploads\/2025\/06\/ATTACHMENT-A_SPITJAM_EN.pdf\" target=\"_blank\">Download Attachment A<\/a><\/div>\n<\/div>\n\n<div class=\"et_pb_column_7 et_pb_column et-last-child et_flex_column et_pb_css_mix_blend_mode_passthrough et_flex_column_24_24 et_flex_column_24_24_tablet et_flex_column_24_24_phone\">\n<div class=\"et_pb_module et_pb_button_module_wrapper et_pb_button_5_wrapper preset--module--divi-button--default_wrapper\"><a class=\"et_pb_button_5 et_pb_button et_pb_bg_layout_dark et_pb_module et_flex_module preset--module--divi-button--default\" href=\"https:\/\/spitjam.it\/wp-content\/uploads\/2025\/06\/ATTACHMENT-B-_SPITJAM_IT.pdf\" target=\"_blank\">Download Attachment B<\/a><\/div>\n<\/div>\n<\/div>\n<\/div>","protected":false},"excerpt":{"rendered":"","protected":false},"author":1,"featured_media":0,"parent":0,"menu_order":0,"comment_status":"closed","ping_status":"closed","template":"","meta":{"footnotes":""},"class_list":["post-22","page","type-page","status-publish","hentry"],"_links":{"self":[{"href":"https:\/\/spitjam.it\/en\/wp-json\/wp\/v2\/pages\/22","targetHints":{"allow":["GET"]}}],"collection":[{"href":"https:\/\/spitjam.it\/en\/wp-json\/wp\/v2\/pages"}],"about":[{"href":"https:\/\/spitjam.it\/en\/wp-json\/wp\/v2\/types\/page"}],"author":[{"embeddable":true,"href":"https:\/\/spitjam.it\/en\/wp-json\/wp\/v2\/users\/1"}],"replies":[{"embeddable":true,"href":"https:\/\/spitjam.it\/en\/wp-json\/wp\/v2\/comments?post=22"}],"version-history":[{"count":15,"href":"https:\/\/spitjam.it\/en\/wp-json\/wp\/v2\/pages\/22\/revisions"}],"predecessor-version":[{"id":208,"href":"https:\/\/spitjam.it\/en\/wp-json\/wp\/v2\/pages\/22\/revisions\/208"}],"wp:attachment":[{"href":"https:\/\/spitjam.it\/en\/wp-json\/wp\/v2\/media?parent=22"}],"curies":[{"name":"wp","href":"https:\/\/api.w.org\/{rel}","templated":true}]}}